{"id":993,"date":"2025-10-27T20:09:31","date_gmt":"2025-10-27T20:09:31","guid":{"rendered":"https:\/\/labienpaga.es\/?page_id=993"},"modified":"2025-10-27T21:15:45","modified_gmt":"2025-10-27T21:15:45","slug":"skillbridge","status":"publish","type":"page","link":"https:\/\/labienpaga.es\/en\/euprojects\/skillbridge\/","title":{"rendered":"SkillBridge"},"content":{"rendered":"<div id=\"pl-993\"  class=\"panel-layout\" ><div id=\"pg-993-0\"  class=\"panel-grid panel-no-style\" ><div id=\"pgc-993-0-0\"  class=\"panel-grid-cell\" ><div id=\"panel-993-0-0-0\" class=\"so-panel widget widget_media_image panel-first-child panel-last-child\" data-index=\"0\" ><img width=\"953\" height=\"810\" src=\"https:\/\/labienpaga.es\/wp-content\/uploads\/2025\/10\/skillbridge-logo.jpg\" class=\"image wp-image-977  attachment-full size-full\" alt=\"\" loading=\"lazy\" style=\"max-width: 100%; height: auto;\" srcset=\"https:\/\/labienpaga.es\/wp-content\/uploads\/2025\/10\/skillbridge-logo.jpg 953w, https:\/\/labienpaga.es\/wp-content\/uploads\/2025\/10\/skillbridge-logo-300x255.jpg 300w, https:\/\/labienpaga.es\/wp-content\/uploads\/2025\/10\/skillbridge-logo-768x653.jpg 768w\" sizes=\"(max-width: 953px) 100vw, 953px\" \/><\/div><\/div><div id=\"pgc-993-0-1\"  class=\"panel-grid-cell\" ><div id=\"panel-993-0-1-0\" class=\"so-panel widget widget_sow-editor panel-first-child panel-last-child\" data-index=\"1\" ><div class=\"so-widget-sow-editor so-widget-sow-editor-base\">\n<div class=\"siteorigin-widget-tinymce textwidget\">\n\t<p class=\"p1\"><b>SKILLBRIDGE - Skills Validation for Borderless Labor Integration into European Market.<\/b><\/p>\n<p class=\"p1\"><b>Project Number:<\/b> 2024-1-FR01-KA220-ADU-000254526<\/p>\n<p class=\"p1\"><b>Duration<\/b>: 01\/11\/2024 - 30\/04\/2027<\/p>\n<p class=\"p1\">The SKILLBRIDGE project aims to address two issues: the integration of migrants into the European labour market and to fill the current lack of assessment of cognitive and non-cognitive skills. The European labour market is constantly looking for labour with increasingly appropriate and specific skills, but the demand cannot always be fully met by internal supply. Without an adequate skills profile, no one can easily find a job that matches their needs.<\/p>\n<p class=\"p1\"><b>Project results<\/b><\/p>\n<ol class=\"ol1\">\n<li class=\"li1\">Creation of a specific service process Framework and IT tools to assess migrants' competences and relevant training course set up in a MOOC environment.<\/li>\n<li class=\"li1\">Qualification of tutors and evaluators for Migrant validation services.<\/li>\n<li class=\"li1\">Appropriate platform for digitisation linked to the employment platform to insert the job profiles of the target groups. Interoperability with databases algorithms and A.I.<\/li>\n<li class=\"li1\">A validation of the service procedure through a small-scale experiment testing the results.<\/li>\n<li class=\"li1\">Policy document.<\/li>\n<\/ol>\n<p class=\"p1\"><b>Partners<\/b><\/p>\n<p class=\"p1\">INSTITUT CORSE DE FORMATION ET RECHERCHE EN TRAVAIL SOCIAL (France, Coordinator)<\/p>\n<p class=\"p1\">Competence Evaluation and Qualification Frameworks (Italy)<\/p>\n<p class=\"p1\">EVRO-SREDOZEMSKA UNIVERZA (Slovenia)<\/p>\n<p class=\"p1\">UNIVERSITY OF SOUSSE (Tunisia)<\/p>\n<p class=\"p1\">VOLKSHOCHSCH ULE IM LANDKREIS CHAM EV (Germany)<\/p>\n<p class=\"p1\">Asociaci\u00f3n La Bien Pag\u00e1 Espacio Esc\u00e9nico (Spain)<\/p>\n<p>&nbsp;<\/p>\n<p class=\"p1\"><b>Website: soon available<\/b><\/p>\n<\/div>\n<\/div><\/div><\/div><\/div><\/div>","protected":false},"excerpt":{"rendered":"<p>SKILLBRIDGE &#8211; Skills Validation for Borderless Labor Integration into European Market. Project Number: 2024-1-FR01-KA220-ADU-000254526 Duration: 01\/11\/2024 &#8211; 30\/04\/2027 The SKILLBRIDGE project aims to address two issues: the integration of migrants into the European labour market and to fill the current lack of assessment of cognitive and non-cognitive skills. The European labour market is constantly looking [&hellip;]<\/p>\n","protected":false},"author":1,"featured_media":0,"parent":349,"menu_order":0,"comment_status":"closed","ping_status":"closed","template":"","meta":{"ngg_post_thumbnail":0},"_links":{"self":[{"href":"https:\/\/labienpaga.es\/en\/wp-json\/wp\/v2\/pages\/993"}],"collection":[{"href":"https:\/\/labienpaga.es\/en\/wp-json\/wp\/v2\/pages"}],"about":[{"href":"https:\/\/labienpaga.es\/en\/wp-json\/wp\/v2\/types\/page"}],"author":[{"embeddable":true,"href":"https:\/\/labienpaga.es\/en\/wp-json\/wp\/v2\/users\/1"}],"replies":[{"embeddable":true,"href":"https:\/\/labienpaga.es\/en\/wp-json\/wp\/v2\/comments?post=993"}],"version-history":[{"count":4,"href":"https:\/\/labienpaga.es\/en\/wp-json\/wp\/v2\/pages\/993\/revisions"}],"predecessor-version":[{"id":997,"href":"https:\/\/labienpaga.es\/en\/wp-json\/wp\/v2\/pages\/993\/revisions\/997"}],"up":[{"embeddable":true,"href":"https:\/\/labienpaga.es\/en\/wp-json\/wp\/v2\/pages\/349"}],"wp:attachment":[{"href":"https:\/\/labienpaga.es\/en\/wp-json\/wp\/v2\/media?parent=993"}],"curies":[{"name":"wp","href":"https:\/\/api.w.org\/{rel}","templated":true}]}}