{"id":1012,"date":"2025-12-22T10:52:57","date_gmt":"2025-12-22T10:52:57","guid":{"rendered":"https:\/\/labienpaga.es\/euprojects\/echo\/"},"modified":"2025-12-22T11:06:53","modified_gmt":"2025-12-22T11:06:53","slug":"echo","status":"publish","type":"page","link":"https:\/\/labienpaga.es\/en\/euprojects\/echo\/","title":{"rendered":"Echo"},"content":{"rendered":"<div id=\"pl-1012\"  class=\"panel-layout\" ><div id=\"pg-1012-0\"  class=\"panel-grid panel-no-style\" ><div id=\"pgc-1012-0-0\"  class=\"panel-grid-cell\" ><div id=\"panel-1012-0-0-0\" class=\"so-panel widget widget_media_image panel-first-child panel-last-child\" data-index=\"0\" ><img width=\"950\" height=\"812\" src=\"https:\/\/labienpaga.es\/wp-content\/uploads\/2025\/12\/ECHO-logo.jpg\" class=\"image wp-image-1004  attachment-full size-full\" alt=\"\" loading=\"lazy\" style=\"max-width: 100%; height: auto;\" srcset=\"https:\/\/labienpaga.es\/wp-content\/uploads\/2025\/12\/ECHO-logo.jpg 950w, https:\/\/labienpaga.es\/wp-content\/uploads\/2025\/12\/ECHO-logo-300x256.jpg 300w, https:\/\/labienpaga.es\/wp-content\/uploads\/2025\/12\/ECHO-logo-768x656.jpg 768w\" sizes=\"(max-width: 950px) 100vw, 950px\" \/><\/div><\/div><div id=\"pgc-1012-0-1\"  class=\"panel-grid-cell\" ><div id=\"panel-1012-0-1-0\" class=\"so-panel widget widget_text panel-first-child panel-last-child\" data-index=\"1\" >\t\t\t<div class=\"textwidget\"><p><strong>ECHO &#8211; EMPOWERING CULTURES THROUGH THEATRE FOR EUROPEAN MIGRANT YOUTH<\/strong><\/p>\n<p><b>Project number:<\/b> 2025-1-IE01-KA220-YOU-000359221<\/p>\n<p><b>Duration<\/b>: 01.11.2025 &#8211; 31.10.2027<\/p>\n<p>The ECHO project aims to:<\/p>\n<p>&#8211; Integrate young migrants through theatre activities that promote interculturality and European values;<\/p>\n<p>&#8211; Strengthen active citizenship through theatre, developing awareness of civil rights and community participation;<\/p>\n<p>&#8211; Develop entrepreneurial skills through theatre, promoting economic and social inclusion.<\/p>\n<p><b>Project results<\/b><\/p>\n<p><b>Theatre for Inclusion:<\/b> participatory theatre workshops that help young people express themselves, build confidence, explore identity and forge links with the local community.<\/p>\n<p><b>Active Citizenship:<\/b> creative pathways and practical workshops that transform theatre into a means of reflecting on rights, coexistence and the role of young people in European society.<\/p>\n<p><b>Theatre for Employability &#038; Social Entrepreneurship:<\/b> activities that combine theatre techniques, soft skills and creativity to strengthen employability, personal initiative and the ability to imagine innovative social projects.<\/p>\n<p><b> Partnership <\/b><\/p>\n<p>The Gaiety School of Acting (coordinador, Irlanda)<\/p>\n<p>Compagnia Teatrale Linea di Confine (Italia)<\/p>\n<p>DESINCOOP &#8211; Desenvolvimento Economico, Social E Cultural (Portugal)<\/p>\n<p>EF\u00c9MERO &#8211; Companhia de Teatro de Aveiro (Portugal)<\/p>\n<p>Asociaci\u00f3n La Bien Pag\u00e1 Espacio Esc\u00e9nico (Espa\u00f1a)<\/p>\n<p>Fondazione Monnalisa (Italia)<\/p>\n<p>&nbsp;<\/p>\n<p class=\"p1\">Facebook:\u00a0<span style=\"text-decoration: underline;\"><a href=\"https:\/\/www.facebook.com\/profile.php?id=61584267096657\" target=\"_blank\" rel=\"noopener\">https:\/\/www.facebook.com\/profile.php?id=6158426709665<\/a><\/span><\/p>\n<p>&nbsp;<\/p>\n<\/div>\n\t\t<\/div><\/div><\/div><\/div>","protected":false},"excerpt":{"rendered":"<p>ECHO &#8211; EMPOWERING CULTURES THROUGH THEATRE FOR EUROPEAN MIGRANT YOUTH Project number: 2025-1-IE01-KA220-YOU-000359221 Duration: 01.11.2025 &#8211; 31.10.2027 The ECHO project aims to: &#8211; Integrate young migrants through theatre activities that promote interculturality and European values; &#8211; Strengthen active citizenship through theatre, developing awareness of civil rights and community participation; &#8211; Develop entrepreneurial skills through theatre, [&hellip;]<\/p>\n","protected":false},"author":1,"featured_media":0,"parent":349,"menu_order":0,"comment_status":"closed","ping_status":"closed","template":"","meta":{"ngg_post_thumbnail":0},"_links":{"self":[{"href":"https:\/\/labienpaga.es\/en\/wp-json\/wp\/v2\/pages\/1012"}],"collection":[{"href":"https:\/\/labienpaga.es\/en\/wp-json\/wp\/v2\/pages"}],"about":[{"href":"https:\/\/labienpaga.es\/en\/wp-json\/wp\/v2\/types\/page"}],"author":[{"embeddable":true,"href":"https:\/\/labienpaga.es\/en\/wp-json\/wp\/v2\/users\/1"}],"replies":[{"embeddable":true,"href":"https:\/\/labienpaga.es\/en\/wp-json\/wp\/v2\/comments?post=1012"}],"version-history":[{"count":5,"href":"https:\/\/labienpaga.es\/en\/wp-json\/wp\/v2\/pages\/1012\/revisions"}],"predecessor-version":[{"id":1021,"href":"https:\/\/labienpaga.es\/en\/wp-json\/wp\/v2\/pages\/1012\/revisions\/1021"}],"up":[{"embeddable":true,"href":"https:\/\/labienpaga.es\/en\/wp-json\/wp\/v2\/pages\/349"}],"wp:attachment":[{"href":"https:\/\/labienpaga.es\/en\/wp-json\/wp\/v2\/media?parent=1012"}],"curies":[{"name":"wp","href":"https:\/\/api.w.org\/{rel}","templated":true}]}}