{"id":868,"date":"2025-05-23T10:40:45","date_gmt":"2025-05-23T10:40:45","guid":{"rendered":"http:\/\/labienpaga.es\/?page_id=868"},"modified":"2025-05-23T12:37:52","modified_gmt":"2025-05-23T12:37:52","slug":"family-care","status":"publish","type":"page","link":"http:\/\/labienpaga.es\/en\/euprojects\/family-care\/","title":{"rendered":"Family Care"},"content":{"rendered":"<div id=\"pl-868\"  class=\"panel-layout\" ><div id=\"pg-868-0\"  class=\"panel-grid panel-no-style\" ><div id=\"pgc-868-0-0\"  class=\"panel-grid-cell\" ><div id=\"panel-868-0-0-0\" class=\"so-panel widget widget_media_image panel-first-child panel-last-child\" data-index=\"0\" ><img width=\"2820\" height=\"2364\" src=\"http:\/\/labienpaga.es\/wp-content\/uploads\/2025\/05\/FAMILY-CARE_01_Logo_Title.png\" class=\"image wp-image-892  attachment-full size-full\" alt=\"\" loading=\"lazy\" style=\"max-width: 100%; height: auto;\" srcset=\"http:\/\/labienpaga.es\/wp-content\/uploads\/2025\/05\/FAMILY-CARE_01_Logo_Title.png 2820w, http:\/\/labienpaga.es\/wp-content\/uploads\/2025\/05\/FAMILY-CARE_01_Logo_Title-300x251.png 300w, http:\/\/labienpaga.es\/wp-content\/uploads\/2025\/05\/FAMILY-CARE_01_Logo_Title-1024x858.png 1024w, http:\/\/labienpaga.es\/wp-content\/uploads\/2025\/05\/FAMILY-CARE_01_Logo_Title-768x644.png 768w, http:\/\/labienpaga.es\/wp-content\/uploads\/2025\/05\/FAMILY-CARE_01_Logo_Title-1536x1288.png 1536w, http:\/\/labienpaga.es\/wp-content\/uploads\/2025\/05\/FAMILY-CARE_01_Logo_Title-2048x1717.png 2048w\" sizes=\"(max-width: 2820px) 100vw, 2820px\" \/><\/div><\/div><div id=\"pgc-868-0-1\"  class=\"panel-grid-cell\" ><div id=\"panel-868-0-1-0\" class=\"so-panel widget widget_sow-editor panel-first-child panel-last-child\" data-index=\"1\" ><div class=\"so-widget-sow-editor so-widget-sow-editor-base\">\n<div class=\"siteorigin-widget-tinymce textwidget\">\n\t<p class=\"p1\"><b>FAMILY CARE - Supporting the validation of competencies acquired by Family Caregivers in non-formal and informal learning through digital badges and micro-credentials<\/b><\/p>\n<p class=\"p2\"><span class=\"s1\">Number of the project: <\/span>2022-1-LT01-KA220-ADU-000087923<\/p>\n<p class=\"p2\"><span class=\"s1\">Start <\/span>01.11.2022<\/p>\n<p class=\"p2\"><span class=\"s1\">End <\/span>31.10.2025<\/p>\n<p class=\"p1\">FAMILY CARE aims to address the need calls made by the United Nations on their SDG 5.4 goal \u201cRecognize and value unpaid care and domestic work through the provision of public services, infrastructure and social protection policies and the promotion of shared responsibility within the household and the family as nationally appropriate\u201d as well as the EIGE need call on unpaid domestic care, especially in the cases of taking care of dependents, undermines the development possibilities of women.<\/p>\n<p class=\"p1\">Therefore, FAMILY CARE will work hand in hand with adult teachers, counsellors, and guidance professionals to support the validation of competences acquired by Family Caregivers in non-formal and informal learning through digital badges and micro-credentials.<\/p>\n<p class=\"p1\">PROJECT RESULTS<\/p>\n<p class=\"p3\">1.European Framework of Competences in digital validation of competences for Family Caregivers<\/p>\n<p class=\"p3\">2.Family CARE Virtual Campus<\/p>\n<p class=\"p3\">3.Mobile Assessment App on digital validation of competences for Family Caregivers<\/p>\n<p class=\"p3\">4.Guidelines and Recommendations<\/p>\n<p class=\"p3\">PARTNERS<\/p>\n<p class=\"p3\">VsI Skudutiskio akademija (coordinator)<\/p>\n<p class=\"p3\">DISRUPTIA\u00b4<\/p>\n<p class=\"p3\">Asociaci\u00f3n La Bien Pag\u00e1 Espacio Esc\u00e9nico<\/p>\n<p class=\"p3\">Fundacja Agencji Sluzby Spolecznej<\/p>\n<p class=\"p3\">International Association of New Beginnings by Prevention and Treatment of Trauma<\/p>\n<p class=\"p3\">IASIS<\/p>\n<p class=\"p3\">Innoquality Systems<\/p>\n<\/div>\n<\/div><\/div><\/div><\/div><\/div>","protected":false},"excerpt":{"rendered":"<p>FAMILY CARE &#8211; Supporting the validation of competencies acquired by Family Caregivers in non-formal and informal learning through digital badges and micro-credentials Number of the project: 2022-1-LT01-KA220-ADU-000087923 Start 01.11.2022 End 31.10.2025 FAMILY CARE aims to address the need calls made by the United Nations on their SDG 5.4 goal \u201cRecognize and value unpaid care and [&hellip;]<\/p>\n","protected":false},"author":1,"featured_media":0,"parent":349,"menu_order":0,"comment_status":"closed","ping_status":"closed","template":"","meta":{"ngg_post_thumbnail":0},"_links":{"self":[{"href":"http:\/\/labienpaga.es\/en\/wp-json\/wp\/v2\/pages\/868"}],"collection":[{"href":"http:\/\/labienpaga.es\/en\/wp-json\/wp\/v2\/pages"}],"about":[{"href":"http:\/\/labienpaga.es\/en\/wp-json\/wp\/v2\/types\/page"}],"author":[{"embeddable":true,"href":"http:\/\/labienpaga.es\/en\/wp-json\/wp\/v2\/users\/1"}],"replies":[{"embeddable":true,"href":"http:\/\/labienpaga.es\/en\/wp-json\/wp\/v2\/comments?post=868"}],"version-history":[{"count":6,"href":"http:\/\/labienpaga.es\/en\/wp-json\/wp\/v2\/pages\/868\/revisions"}],"predecessor-version":[{"id":900,"href":"http:\/\/labienpaga.es\/en\/wp-json\/wp\/v2\/pages\/868\/revisions\/900"}],"up":[{"embeddable":true,"href":"http:\/\/labienpaga.es\/en\/wp-json\/wp\/v2\/pages\/349"}],"wp:attachment":[{"href":"http:\/\/labienpaga.es\/en\/wp-json\/wp\/v2\/media?parent=868"}],"curies":[{"name":"wp","href":"https:\/\/api.w.org\/{rel}","templated":true}]}}