{"id":709,"date":"2022-03-05T20:24:12","date_gmt":"2022-03-05T20:24:12","guid":{"rendered":"http:\/\/labienpaga.es\/euprojects\/flippmi\/"},"modified":"2023-02-02T16:17:40","modified_gmt":"2023-02-02T16:17:40","slug":"flippmi","status":"publish","type":"page","link":"http:\/\/labienpaga.es\/en\/euprojects\/flippmi\/","title":{"rendered":"FLIPPMI"},"content":{"rendered":"<div id=\"pl-709\"  class=\"panel-layout\" ><div id=\"pg-709-0\"  class=\"panel-grid panel-no-style\" ><div id=\"pgc-709-0-0\"  class=\"panel-grid-cell\" ><div id=\"panel-709-0-0-0\" class=\"so-panel widget widget_media_image panel-first-child panel-last-child\" data-index=\"0\" ><img width=\"950\" height=\"812\" src=\"http:\/\/labienpaga.es\/wp-content\/uploads\/2022\/10\/flippmi.jpg\" class=\"image wp-image-733  attachment-full size-full\" alt=\"\" loading=\"lazy\" style=\"max-width: 100%; height: auto;\" srcset=\"http:\/\/labienpaga.es\/wp-content\/uploads\/2022\/10\/flippmi.jpg 950w, http:\/\/labienpaga.es\/wp-content\/uploads\/2022\/10\/flippmi-300x256.jpg 300w, http:\/\/labienpaga.es\/wp-content\/uploads\/2022\/10\/flippmi-768x656.jpg 768w\" sizes=\"(max-width: 950px) 100vw, 950px\" \/><\/div><\/div><div id=\"pgc-709-0-1\"  class=\"panel-grid-cell\" ><div id=\"panel-709-0-1-0\" class=\"so-panel widget widget_text panel-first-child panel-last-child\" data-index=\"1\" >\t\t\t<div class=\"textwidget\"><p class=\"p1\"><em><strong>Supporting the participation of migrant families in Flipped Learning.<\/strong><\/em><\/p>\n<p class=\"p1\">KA220-SCH &#8211; Cooperation partnerships in school education<\/p>\n<p class=\"p1\">Start date 01-02-2022<\/p>\n<p class=\"p1\">End date 31-01-2024<\/p>\n<p class=\"p1\">FLIPPED LEARNING helps to create a collaborative learning environment in the classroom; allows teachers to dedicate more time and attention to diversity; is an opportunity for teachers to share knowledge with each other, with students, families and the community; and involves families from the beginning of the learning process.<\/p>\n<p class=\"p1\">FLIPPMI project aims to strengthen the participation of migrant families in Flipped Learning through Family Learning methods by equipping Intercultural Mediators with the necessary skills and resources to support the process.<\/p>\n<p class=\"p1\"><b>Project results<\/b><\/p>\n<p class=\"p1\">PR1. Matrix of Competences on Flipped Learning for migrant families through Family Learning<\/p>\n<p class=\"p1\">PR2. FLIPPMI Online Campus<\/p>\n<p class=\"p1\">PR3. Practical Activities Set on Flipped Learning for migrant families through Family Learning<\/p>\n<p class=\"p1\"><b>Partners<\/b><\/p>\n<p class=\"p1\">Le Monde des Possibles (Coordinator) &#8211; BELGIUM<\/p>\n<p class=\"p1\">Instituto para el Fomento del Desarrollo y la Formaci\u00f3n \u2013 SPAIN<\/p>\n<p class=\"p1\">IASIS \u2013 GREECE<\/p>\n<p class=\"p1\">Istanbul Valiligi \u2013 TURKEY<\/p>\n<p class=\"p1\">Asociaci\u00f3n La Bien Pag\u00e1 Espacio Esc\u00e9nico \u2013 SPAIN<\/p>\n<p class=\"p1\">KIST Consult \u2013 AUSTRIA<\/p>\n<p class=\"p1\">Directorate of Secondary Education, Lasithi &#8211; GREECE<\/p>\n<p class=\"p1\">Innoquality Systems &#8211; IRELAND<\/p>\n<p>&nbsp;<\/p>\n<p>FLIPPMI<\/p>\n<p><a href=\"http:\/\/flippmi-erasmusplus.eu\/\" target=\"_blank\" rel=\"noopener\">http:\/\/flippmi-erasmusplus.eu\/<\/a><\/p>\n<p>&nbsp;<\/p>\n<\/div>\n\t\t<\/div><\/div><\/div><\/div>","protected":false},"excerpt":{"rendered":"<p>Supporting the participation of migrant families in Flipped Learning. KA220-SCH &#8211; Cooperation partnerships in school education Start date 01-02-2022 End date 31-01-2024 FLIPPED LEARNING helps to create a collaborative learning environment in the classroom; allows teachers to dedicate more time and attention to diversity; is an opportunity for teachers to share knowledge with each other, [&hellip;]<\/p>\n","protected":false},"author":1,"featured_media":0,"parent":349,"menu_order":0,"comment_status":"closed","ping_status":"closed","template":"","meta":{"ngg_post_thumbnail":0},"_links":{"self":[{"href":"http:\/\/labienpaga.es\/en\/wp-json\/wp\/v2\/pages\/709"}],"collection":[{"href":"http:\/\/labienpaga.es\/en\/wp-json\/wp\/v2\/pages"}],"about":[{"href":"http:\/\/labienpaga.es\/en\/wp-json\/wp\/v2\/types\/page"}],"author":[{"embeddable":true,"href":"http:\/\/labienpaga.es\/en\/wp-json\/wp\/v2\/users\/1"}],"replies":[{"embeddable":true,"href":"http:\/\/labienpaga.es\/en\/wp-json\/wp\/v2\/comments?post=709"}],"version-history":[{"count":7,"href":"http:\/\/labienpaga.es\/en\/wp-json\/wp\/v2\/pages\/709\/revisions"}],"predecessor-version":[{"id":818,"href":"http:\/\/labienpaga.es\/en\/wp-json\/wp\/v2\/pages\/709\/revisions\/818"}],"up":[{"embeddable":true,"href":"http:\/\/labienpaga.es\/en\/wp-json\/wp\/v2\/pages\/349"}],"wp:attachment":[{"href":"http:\/\/labienpaga.es\/en\/wp-json\/wp\/v2\/media?parent=709"}],"curies":[{"name":"wp","href":"https:\/\/api.w.org\/{rel}","templated":true}]}}