{"id":700,"date":"2022-03-05T20:14:59","date_gmt":"2022-03-05T20:14:59","guid":{"rendered":"http:\/\/labienpaga.es\/euprojects\/e-mentoring\/"},"modified":"2022-12-13T15:16:04","modified_gmt":"2022-12-13T15:16:04","slug":"e-mentoring","status":"publish","type":"page","link":"http:\/\/labienpaga.es\/en\/euprojects\/e-mentoring\/","title":{"rendered":"E-MENTORING"},"content":{"rendered":"<div id=\"pl-700\"  class=\"panel-layout\" ><div id=\"pg-700-0\"  class=\"panel-grid panel-no-style\" ><div id=\"pgc-700-0-0\"  class=\"panel-grid-cell\" ><div id=\"panel-700-0-0-0\" class=\"so-panel widget widget_media_image panel-first-child panel-last-child\" data-index=\"0\" ><img width=\"950\" height=\"812\" src=\"http:\/\/labienpaga.es\/wp-content\/uploads\/2022\/12\/e-mentoring-logo.jpg\" class=\"image wp-image-779  attachment-full size-full\" alt=\"\" loading=\"lazy\" style=\"max-width: 100%; height: auto;\" srcset=\"http:\/\/labienpaga.es\/wp-content\/uploads\/2022\/12\/e-mentoring-logo.jpg 950w, http:\/\/labienpaga.es\/wp-content\/uploads\/2022\/12\/e-mentoring-logo-300x256.jpg 300w, http:\/\/labienpaga.es\/wp-content\/uploads\/2022\/12\/e-mentoring-logo-768x656.jpg 768w\" sizes=\"(max-width: 950px) 100vw, 950px\" \/><\/div><\/div><div id=\"pgc-700-0-1\"  class=\"panel-grid-cell\" ><div id=\"panel-700-0-1-0\" class=\"so-panel widget widget_text panel-first-child panel-last-child\" data-index=\"1\" >\t\t\t<div class=\"textwidget\"><p class=\"p1\"><em><strong>Developing digital competencies and innovative solutions to support e-mentoring for unemployed young people.<\/strong><\/em><\/p>\n<p class=\"p1\">KA220-YOU &#8211; Cooperation partnerships in youth<\/p>\n<p class=\"p2\">Start date <span class=\"s1\">01-11-2021<\/span><\/p>\n<p class=\"p3\"><span class=\"s2\">End date <\/span>01-11-2023<\/p>\n<p class=\"p1\">Unemployed young people face serious economic obstacles and are less motivated to actively participate in civic or social processes in communities they live in. In this regard, MENTORING plays an important role to promote active participation of unemployed young people in their communities, helping them: (i) to become more employable, (ii) to realize potential benefits for overcoming of personal economic difficulties, and (i) bringing them practical benefits for personal development and strengthening of ties with various actors in their communities.<\/p>\n<p class=\"p1\">The AIM of E-MENTORING project is to develop the digital competencies of mentors from youth-serving organizations and equip them with innovative solutions to support e-mentoring programmes for unemployed young people.<\/p>\n<p class=\"p1\"><b>Project results<\/b><\/p>\n<p class=\"p1\">PR1. Training Curriculum on digital competencies and solutions to support e-mentoring.<\/p>\n<p class=\"p1\">PR2. E-MENTORING Online Platform of Open Educational Resources.<\/p>\n<p class=\"p1\">PR3. Guidelines and recommendations on supporting e-mentoring for unemployed young people.<\/p>\n<p class=\"p1\"><b>Partners<\/b><\/p>\n<p class=\"p1\">Stiftelsen Mangfold i arbeidslivet (MiA &#8211; Coordinator) &#8211; NORWAY<\/p>\n<p class=\"p1\">Instituto para el Fomento del Desarrollo y la Formaci\u00f3n \u2013 SPAIN<\/p>\n<p class=\"p1\">Mindshift Talent Advisory \u2013 PORTUGAL<\/p>\n<p class=\"p1\">Research and Education of Social Empowerment and Transformation &#8211; CYPRUS<\/p>\n<p class=\"p1\">Asociaci\u00f3n La Bien Pag\u00e1 Espacio Esc\u00e9nico (Coordinator) \u2013 SPAIN<\/p>\n<p class=\"p1\">Institouto Ergasias Kyprou Pagkyprias Ergatikis Omospondias Idryma &#8211; CYPRUS<\/p>\n<p class=\"p1\">Innoquality Systems &#8211; IRELAND<\/p>\n<\/div>\n\t\t<\/div><\/div><\/div><\/div>","protected":false},"excerpt":{"rendered":"<p>Developing digital competencies and innovative solutions to support e-mentoring for unemployed young people. KA220-YOU &#8211; Cooperation partnerships in youth Start date 01-11-2021 End date 01-11-2023 Unemployed young people face serious economic obstacles and are less motivated to actively participate in civic or social processes in communities they live in. In this regard, MENTORING plays an [&hellip;]<\/p>\n","protected":false},"author":1,"featured_media":0,"parent":349,"menu_order":0,"comment_status":"closed","ping_status":"closed","template":"","meta":{"ngg_post_thumbnail":0},"_links":{"self":[{"href":"http:\/\/labienpaga.es\/en\/wp-json\/wp\/v2\/pages\/700"}],"collection":[{"href":"http:\/\/labienpaga.es\/en\/wp-json\/wp\/v2\/pages"}],"about":[{"href":"http:\/\/labienpaga.es\/en\/wp-json\/wp\/v2\/types\/page"}],"author":[{"embeddable":true,"href":"http:\/\/labienpaga.es\/en\/wp-json\/wp\/v2\/users\/1"}],"replies":[{"embeddable":true,"href":"http:\/\/labienpaga.es\/en\/wp-json\/wp\/v2\/comments?post=700"}],"version-history":[{"count":6,"href":"http:\/\/labienpaga.es\/en\/wp-json\/wp\/v2\/pages\/700\/revisions"}],"predecessor-version":[{"id":786,"href":"http:\/\/labienpaga.es\/en\/wp-json\/wp\/v2\/pages\/700\/revisions\/786"}],"up":[{"embeddable":true,"href":"http:\/\/labienpaga.es\/en\/wp-json\/wp\/v2\/pages\/349"}],"wp:attachment":[{"href":"http:\/\/labienpaga.es\/en\/wp-json\/wp\/v2\/media?parent=700"}],"curies":[{"name":"wp","href":"https:\/\/api.w.org\/{rel}","templated":true}]}}