{"id":686,"date":"2022-03-05T19:44:45","date_gmt":"2022-03-05T19:44:45","guid":{"rendered":"http:\/\/labienpaga.es\/euprojects\/intrep\/"},"modified":"2023-02-02T16:16:49","modified_gmt":"2023-02-02T16:16:49","slug":"intrep","status":"publish","type":"page","link":"http:\/\/labienpaga.es\/en\/euprojects\/intrep\/","title":{"rendered":"INTREP"},"content":{"rendered":"<div id=\"pl-686\"  class=\"panel-layout\" ><div id=\"pg-686-0\"  class=\"panel-grid panel-no-style\" ><div id=\"pgc-686-0-0\"  class=\"panel-grid-cell\" ><div id=\"panel-686-0-0-0\" class=\"so-panel widget widget_media_image panel-first-child panel-last-child\" data-index=\"0\" ><img width=\"950\" height=\"812\" src=\"http:\/\/labienpaga.es\/wp-content\/uploads\/2022\/10\/intrep.jpg\" class=\"image wp-image-734  attachment-full size-full\" alt=\"\" loading=\"lazy\" style=\"max-width: 100%; height: auto;\" srcset=\"http:\/\/labienpaga.es\/wp-content\/uploads\/2022\/10\/intrep.jpg 950w, http:\/\/labienpaga.es\/wp-content\/uploads\/2022\/10\/intrep-300x256.jpg 300w, http:\/\/labienpaga.es\/wp-content\/uploads\/2022\/10\/intrep-768x656.jpg 768w\" sizes=\"(max-width: 950px) 100vw, 950px\" \/><\/div><\/div><div id=\"pgc-686-0-1\"  class=\"panel-grid-cell\" ><div id=\"panel-686-0-1-0\" class=\"so-panel widget widget_text panel-first-child panel-last-child\" data-index=\"1\" >\t\t\t<div class=\"textwidget\"><p class=\"p1\"><em><strong>Fostering social innovation and entrepreneurship in intercultural and interreligious contexts.<\/strong><\/em><\/p>\n<p class=\"p1\">KA220-ADU &#8211; Cooperation partnerships in adult education<\/p>\n<p class=\"p1\">Start date 01-02-2022<\/p>\n<p class=\"p1\">End date 31-07-2024<\/p>\n<p class=\"p1\">Demand for inclusion, greater equality, social cohesion and peace, through intercultural and interreligious dialogue has never been so urgent. Social transformations are also giving rise to new challenges of deepening inequality, exclusion and tensions within societies, as globalization and migration processes brings people with diverse backgrounds and with different cultures ever closer together (UNESCO).<\/p>\n<p class=\"p1\">The AIM of INTREP project is to promote social inclusion and diversity as well as intercultural and inter-religious dialogue by supporting Adult and community teachers and educators to foster social innovation and entrepreneurship in intercultural and interreligious contexts through Adult Community Education (ACE).<\/p>\n<p class=\"p1\"><b>Project results<\/b><\/p>\n<p class=\"p1\">&#8211; PR1. Training curriculum in social innovation and entrepreneurship in intercultural and interreligious contexts through ACE<\/p>\n<p class=\"p1\">&#8211; PR2. INTREP Learning Units Plan of learning experiences, activities and types of learning addressed to Adult and community teachers and educators<\/p>\n<p class=\"p1\">&#8211; PR3 INTREP e-Learning Campus, an ICT-based educative instrument to upskill Adult and community teachers and educators allowing them to create their own e-learning courses<\/p>\n<p class=\"p1\">&#8211; PR4. INTREP Instructional Web App, an innovative ICT-based tool for Adult and community teachers and educators, allowing them to develop customized online Learning Activities<\/p>\n<p class=\"p1\">&#8211; PR5. Recommendations for skills validation, certification<\/p>\n<p class=\"p1\"><b>Partners<\/b><\/p>\n<p class=\"p1\">Le Monde des Possibles (Coordinator) &#8211; BELGIUM<\/p>\n<p class=\"p1\">Instituto para el Fomento del Desarrollo y la Formaci\u00f3n \u2013 SPAIN<\/p>\n<p class=\"p1\">KIST Consult \u2013 AUSTRIA<\/p>\n<p class=\"p1\">Istanbul Valiligi \u2013 TURKEY<\/p>\n<p class=\"p1\">Asociaci\u00f3n La Bien Pag\u00e1 Espacio Esc\u00e9nico \u2013 SPAIN<\/p>\n<p class=\"p1\">IASIS \u2013 GREECE<\/p>\n<p class=\"p1\">Centrul Pentru Promovarea Invatarii Permanente Timisoara Asociatia &#8211; ROMANIA<\/p>\n<p class=\"p1\">Innoquality Systems &#8211; IRELAND<\/p>\n<p>&nbsp;<\/p>\n<p>INTREP<\/p>\n<p><a href=\"https:\/\/intrep-erasmusplus.eu\/\" target=\"_blank\" rel=\"noopener\">https:\/\/intrep-erasmusplus.eu\/<\/a><\/p>\n<p>&nbsp;<\/p>\n<\/div>\n\t\t<\/div><\/div><\/div><\/div>","protected":false},"excerpt":{"rendered":"<p>Fostering social innovation and entrepreneurship in intercultural and interreligious contexts. KA220-ADU &#8211; Cooperation partnerships in adult education Start date 01-02-2022 End date 31-07-2024 Demand for inclusion, greater equality, social cohesion and peace, through intercultural and interreligious dialogue has never been so urgent. Social transformations are also giving rise to new challenges of deepening inequality, exclusion [&hellip;]<\/p>\n","protected":false},"author":1,"featured_media":0,"parent":349,"menu_order":0,"comment_status":"closed","ping_status":"closed","template":"","meta":{"ngg_post_thumbnail":0},"_links":{"self":[{"href":"http:\/\/labienpaga.es\/en\/wp-json\/wp\/v2\/pages\/686"}],"collection":[{"href":"http:\/\/labienpaga.es\/en\/wp-json\/wp\/v2\/pages"}],"about":[{"href":"http:\/\/labienpaga.es\/en\/wp-json\/wp\/v2\/types\/page"}],"author":[{"embeddable":true,"href":"http:\/\/labienpaga.es\/en\/wp-json\/wp\/v2\/users\/1"}],"replies":[{"embeddable":true,"href":"http:\/\/labienpaga.es\/en\/wp-json\/wp\/v2\/comments?post=686"}],"version-history":[{"count":6,"href":"http:\/\/labienpaga.es\/en\/wp-json\/wp\/v2\/pages\/686\/revisions"}],"predecessor-version":[{"id":816,"href":"http:\/\/labienpaga.es\/en\/wp-json\/wp\/v2\/pages\/686\/revisions\/816"}],"up":[{"embeddable":true,"href":"http:\/\/labienpaga.es\/en\/wp-json\/wp\/v2\/pages\/349"}],"wp:attachment":[{"href":"http:\/\/labienpaga.es\/en\/wp-json\/wp\/v2\/media?parent=686"}],"curies":[{"name":"wp","href":"https:\/\/api.w.org\/{rel}","templated":true}]}}