{"id":650,"date":"2021-09-15T14:59:59","date_gmt":"2021-09-15T14:59:59","guid":{"rendered":"http:\/\/labienpaga.es\/euprojects\/collaborart\/"},"modified":"2023-02-02T16:14:42","modified_gmt":"2023-02-02T16:14:42","slug":"collaborart","status":"publish","type":"page","link":"http:\/\/labienpaga.es\/en\/euprojects\/collaborart\/","title":{"rendered":"COLLABORART"},"content":{"rendered":"<div id=\"pl-650\"  class=\"panel-layout\" ><div id=\"pg-650-0\"  class=\"panel-grid panel-no-style\" ><div id=\"pgc-650-0-0\"  class=\"panel-grid-cell\" ><div id=\"panel-650-0-0-0\" class=\"so-panel widget widget_media_image panel-first-child panel-last-child\" data-index=\"0\" ><img width=\"950\" height=\"812\" src=\"http:\/\/labienpaga.es\/wp-content\/uploads\/2021\/09\/collaborart-logo.jpeg\" class=\"image wp-image-641  attachment-full size-full\" alt=\"\" loading=\"lazy\" style=\"max-width: 100%; height: auto;\" srcset=\"http:\/\/labienpaga.es\/wp-content\/uploads\/2021\/09\/collaborart-logo.jpeg 950w, http:\/\/labienpaga.es\/wp-content\/uploads\/2021\/09\/collaborart-logo-300x256.jpeg 300w, http:\/\/labienpaga.es\/wp-content\/uploads\/2021\/09\/collaborart-logo-768x656.jpeg 768w\" sizes=\"(max-width: 950px) 100vw, 950px\" \/><\/div><\/div><div id=\"pgc-650-0-1\"  class=\"panel-grid-cell\" ><div id=\"panel-650-0-1-0\" class=\"so-panel widget widget_text panel-first-child panel-last-child\" data-index=\"1\" >\t\t\t<div class=\"textwidget\"><p class=\"p1\"><strong><em>CollaborArt &#8211; Fostering Collective Creativity for Social Innovation through Art-based virtual Gamification<\/em><\/strong><\/p>\n<p class=\"p1\">Erasmus + KA227 &#8211; Partnerships for Creativity<\/p>\n<p class=\"p1\">The AIM of CollaborArt project is to develop the competencies of Adult Education teachers, TARGET USERS of the project, to foster Collective Creativity for Social Innovation of the adult learners, TARGET BENEFICIAIRES, through Art-based virtual Gamification.<\/p>\n<p class=\"p1\">Adult learners will be trained to identify real life problems and to provide solutions collectively in collaboration with stakeholders. They will learn how to apply collective creativity to codesign and implement social innovative solutions based on culture and arts, thanks to the creative skills acquired through virtual gamified scenarios.<\/p>\n<p class=\"p1\">To this aim, the project will co-design and co-create the following set of innovative OUTPUTS:<\/p>\n<p class=\"p1\">&#8211; ECVET Curriculum in Art-based virtual Gamification to foster Collective Creativity for Social Innovation (IO1)<\/p>\n<p class=\"p1\">&#8211; Multilingual eLearning Platform (IO2)<\/p>\n<p class=\"p1\">&#8211; Gamification App (IO3)<\/p>\n<p class=\"p1\">&#8211; Guide for validation, certification and accreditation (IO4)<\/p>\n<p>&nbsp;<\/p>\n<p class=\"p1\">PARTNERS<\/p>\n<p class=\"p1\">Coop\u00e9rative pour le D\u00e9veloppement de l&#8217;emploi dans les m\u00e9tiers du patrimoine \u2013 France (Coordinator)<\/p>\n<p class=\"p1\">INSTITUTO PARA EL FOMENTO DEL DESARROLLO Y LA FORMACION SL &#8211; Spain<\/p>\n<p class=\"p1\">IASIS &#8211; Greece<\/p>\n<p class=\"p1\">FUTURE IN PERSPECTIVE LIMITED &#8211; Ireland<\/p>\n<p class=\"p1\">Asociaci\u00f3n La Bien Pag\u00e1 Espacio Esc\u00e9nico &#8211; Spain<\/p>\n<p class=\"p1\">ISTANBUL VALILIGI &#8211; Turkey<\/p>\n<p class=\"p1\">INNOQUALITY SYSTEMS LIMITED &#8211; Ireland<\/p>\n<p>&nbsp;<\/p>\n<p>COLLABORART<\/p>\n<p><a href=\"https:\/\/www.collaborart-project.eu\/\" target=\"_blank\" rel=\"noopener\">https:\/\/www.collaborart-project.eu\/<\/a><\/p>\n<\/div>\n\t\t<\/div><\/div><\/div><\/div>","protected":false},"excerpt":{"rendered":"<p>CollaborArt &#8211; Fostering Collective Creativity for Social Innovation through Art-based virtual Gamification Erasmus + KA227 &#8211; Partnerships for Creativity The AIM of CollaborArt project is to develop the competencies of Adult Education teachers, TARGET USERS of the project, to foster Collective Creativity for Social Innovation of the adult learners, TARGET BENEFICIAIRES, through Art-based virtual Gamification. [&hellip;]<\/p>\n","protected":false},"author":1,"featured_media":0,"parent":349,"menu_order":0,"comment_status":"closed","ping_status":"closed","template":"","meta":{"ngg_post_thumbnail":0},"_links":{"self":[{"href":"http:\/\/labienpaga.es\/en\/wp-json\/wp\/v2\/pages\/650"}],"collection":[{"href":"http:\/\/labienpaga.es\/en\/wp-json\/wp\/v2\/pages"}],"about":[{"href":"http:\/\/labienpaga.es\/en\/wp-json\/wp\/v2\/types\/page"}],"author":[{"embeddable":true,"href":"http:\/\/labienpaga.es\/en\/wp-json\/wp\/v2\/users\/1"}],"replies":[{"embeddable":true,"href":"http:\/\/labienpaga.es\/en\/wp-json\/wp\/v2\/comments?post=650"}],"version-history":[{"count":4,"href":"http:\/\/labienpaga.es\/en\/wp-json\/wp\/v2\/pages\/650\/revisions"}],"predecessor-version":[{"id":811,"href":"http:\/\/labienpaga.es\/en\/wp-json\/wp\/v2\/pages\/650\/revisions\/811"}],"up":[{"embeddable":true,"href":"http:\/\/labienpaga.es\/en\/wp-json\/wp\/v2\/pages\/349"}],"wp:attachment":[{"href":"http:\/\/labienpaga.es\/en\/wp-json\/wp\/v2\/media?parent=650"}],"curies":[{"name":"wp","href":"https:\/\/api.w.org\/{rel}","templated":true}]}}